{"id":61215,"date":"2025-05-14T16:33:30","date_gmt":"2025-05-14T16:33:30","guid":{"rendered":"https:\/\/isotopelogistics.com\/?page_id=61215"},"modified":"2025-12-11T11:48:20","modified_gmt":"2025-12-11T11:48:20","slug":"standorte","status":"publish","type":"page","link":"https:\/\/isotopelogistics.com\/de\/ueber\/standorte\/","title":{"rendered":"Standorte"},"content":{"rendered":"<div class=\"container \" data-type=\"core\/paragraph\"><div class=\"row justify-content-center\"><div class=\"col-12 col-md-12 col-lg-10 col-xl-8\"> \n<p><strong>Isologic verf\u00fcgt \u00fcber drei strategisch gelegene Standorte: Troisdorf in Deutschland sowie IJmuiden und Raamsdonksveer in den Niederlanden. Von diesen Standorten aus betreuen wir Kunden in ganz Europa mit Stra\u00dfentransporten f\u00fcr alle Gefahrgutklassen \u2013 mit besonderem Schwerpunkt auf Klasse 1, Klasse 7 und GDP-konforme Sendungen. Sie profitieren von kurzen Entscheidungswegen, lokaler Expertise und einem spezialisierten Partner f\u00fcr Ihre komplette Gefahrgutlogistik.<\/strong><\/p>\n<\/div><\/div><\/div>\n\n<div class=\"lftp lavendr-block aligndefault post-grid locations-grid post-type-sc_location no-media media-alignment-left media-size-cover grid-appearance-grid item-appearance-default columns-mobile-1 columns-tablet-2 columns-desktop-3 no-text\" id=\"lf-grid-locations-block_35a0b5e28849ac2440011816f310ec43\"  style=><figure class=\"component image border-ornament\"><img decoding=\"async\" data-src=\"https:\/\/isotopelogistics.com\/wp-content\/mu-plugins\/lavendr-framework-child\/assets\/img\/border-01.svg\" class=\"media lazyload\" alt=\"\" role=\"presentation\" src=\"data:image\/gif;base64,R0lGODlhAQABAAAAACH5BAEKAAEALAAAAAABAAEAAAICTAEAOw==\"><\/figure><div class=\"inner\">\n    <div class=\"container\">\n        <div class=\"row\">\n            <div class=\"col-12 content-column\">\n                <div class=\"content-wrapper\"><\/div><div class=\"component grid post-grid\">\n    <div class=\"inner\">\n        <div class=\"grid-items-wrapper\"><div class=\"component grid-item post-grid-item location-grid-item post-61819 sc_location type-sc_location status-publish hentry\">\n    <div class=\"inner\">\n        <a class=\"post-link\" href=\"https:\/\/isotopelogistics.com\/de\/ueber\/standorte\/oude-meer\/\">\n            <div class=\"location-header\"><figure class=\"component image\"><img decoding=\"async\" data-src=\"https:\/\/isotopelogistics.com\/wp-content\/mu-plugins\/lavendr-framework-child\/assets\/img\/logo\/icon\/icon-isologic.png\" class=\"media lazyload\" alt=\"\" role=\"presentation\" src=\"data:image\/gif;base64,R0lGODlhAQABAAAAACH5BAEKAAEALAAAAAABAAEAAAICTAEAOw==\"><\/figure><div class=\"component text post-title\">Oude Meer (NL)<\/div><\/div>\n        <\/a>\n        <div class=\"location-meta\"><div class=\"component text meta address\"><p>Breguetlaan 3<br \/>\n1438 BA Oude Meer<br \/>\nNiederlande<\/p>\n<\/div><a class=\"component button appearance-link meta phone\" target=\"\" href=\"tel:+31885004700\"><span class=\"material-symbols-outlined icon-image component icon  before\" aria-hidden=\"true\" >call<\/span><span class=\"button-text\">+31 88 500 47 00<\/span><\/a><a class=\"component button appearance-link meta email\" target=\"\" href=\"mailto:info@iso-logic.nl\"><span class=\"material-symbols-outlined icon-image component icon  before\" aria-hidden=\"true\" >mail<\/span><span class=\"button-text\">info@iso-logic.nl<\/span><\/a><\/div>\n    <\/div>\n<\/div><div class=\"component grid-item post-grid-item location-grid-item post-61212 sc_location type-sc_location status-publish hentry\">\n    <div class=\"inner\">\n        <a class=\"post-link\" href=\"https:\/\/isotopelogistics.com\/de\/ueber\/standorte\/troisdorf\/\">\n            <div class=\"location-header\"><figure class=\"component image\"><img decoding=\"async\" data-src=\"https:\/\/isotopelogistics.com\/wp-content\/mu-plugins\/lavendr-framework-child\/assets\/img\/logo\/icon\/icon-isologic.png\" class=\"media lazyload\" alt=\"\" role=\"presentation\" src=\"data:image\/gif;base64,R0lGODlhAQABAAAAACH5BAEKAAEALAAAAAABAAEAAAICTAEAOw==\"><\/figure><div class=\"component text post-title\">Troisdorf<\/div><\/div>\n        <\/a>\n        <div class=\"location-meta\"><div class=\"component text meta address\"><p>Br\u00fcsseler Stra\u00dfe 6<br \/>\n53842 Troisdorf<br \/>\nDeutschland<\/p>\n<\/div><a class=\"component button appearance-link meta phone\" target=\"\" href=\"tel:+4915170643515\"><span class=\"material-symbols-outlined icon-image component icon  before\" aria-hidden=\"true\" >call<\/span><span class=\"button-text\">+49 1517 0643 515<\/span><\/a><a class=\"component button appearance-link meta email\" target=\"\" href=\"mailto:info@iso-logic.de\"><span class=\"material-symbols-outlined icon-image component icon  before\" aria-hidden=\"true\" >mail<\/span><span class=\"button-text\">info@iso-logic.de<\/span><\/a><\/div>\n    <\/div>\n<\/div><div class=\"component grid-item post-grid-item location-grid-item post-61213 sc_location type-sc_location status-publish hentry\">\n    <div class=\"inner\">\n        <a class=\"post-link\" href=\"https:\/\/isotopelogistics.com\/de\/ueber\/standorte\/ijmuiden\/\">\n            <div class=\"location-header\"><figure class=\"component image\"><img decoding=\"async\" data-src=\"https:\/\/isotopelogistics.com\/wp-content\/mu-plugins\/lavendr-framework-child\/assets\/img\/logo\/icon\/icon-isologic.png\" class=\"media lazyload\" alt=\"\" role=\"presentation\" src=\"data:image\/gif;base64,R0lGODlhAQABAAAAACH5BAEKAAEALAAAAAABAAEAAAICTAEAOw==\"><\/figure><div class=\"component text post-title\">IJmuiden (NL)<\/div><\/div>\n        <\/a>\n        <div class=\"location-meta\"><div class=\"component text meta address\"><p>Strandweg 2<br \/>\n1976 BS IJmuiden<br \/>\nNiederlande<\/p>\n<\/div><a class=\"component button appearance-link meta phone\" target=\"\" href=\"tel:+31885004700\"><span class=\"material-symbols-outlined icon-image component icon  before\" aria-hidden=\"true\" >call<\/span><span class=\"button-text\">+31 88 500 47 00<\/span><\/a><a class=\"component button appearance-link meta email\" target=\"\" href=\"mailto:info@iso-logic.nl\"><span class=\"material-symbols-outlined icon-image component icon  before\" aria-hidden=\"true\" >mail<\/span><span class=\"button-text\">info@iso-logic.nl<\/span><\/a><\/div>\n    <\/div>\n<\/div><div class=\"component grid-item post-grid-item location-grid-item post-61214 sc_location type-sc_location status-publish has-post-thumbnail hentry\">\n    <div class=\"inner\">\n        <a class=\"post-link\" href=\"https:\/\/isotopelogistics.com\/de\/ueber\/standorte\/raamsdonksveer\/\">\n            <div class=\"location-header\"><figure class=\"component image\"><img decoding=\"async\" data-src=\"https:\/\/isotopelogistics.com\/wp-content\/mu-plugins\/lavendr-framework-child\/assets\/img\/logo\/icon\/icon-isologic.png\" class=\"media lazyload\" alt=\"\" role=\"presentation\" src=\"data:image\/gif;base64,R0lGODlhAQABAAAAACH5BAEKAAEALAAAAAABAAEAAAICTAEAOw==\"><\/figure><div class=\"component text post-title\">Raamsdonksveer (NL)<\/div><\/div>\n        <\/a>\n        <div class=\"location-meta\"><div class=\"component text meta address\"><p>Elftweg 12<br \/>\n4941 VP Raamsdonksveer<br \/>\nNiederlande<\/p>\n<\/div><a class=\"component button appearance-link meta phone\" target=\"\" href=\"tel:+31885004700\"><span class=\"material-symbols-outlined icon-image component icon  before\" aria-hidden=\"true\" >call<\/span><span class=\"button-text\">+31 88 500 47 00<\/span><\/a><a class=\"component button appearance-link meta email\" target=\"\" href=\"mailto:info@iso-logic.nl\"><span class=\"material-symbols-outlined icon-image component icon  before\" aria-hidden=\"true\" >mail<\/span><span class=\"button-text\">info@iso-logic.nl<\/span><\/a><\/div>\n    <\/div>\n<\/div><\/div>\n    <\/div>\n<\/div><\/div>\n        <\/div>\n    <\/div>\n<\/div><\/div>\n\n<div class=\"container \" data-type=\"core\/heading\"><div class=\"row justify-content-center\"><div class=\"col-12 col-md-12 col-lg-10 col-xl-8\"> \n<h2 class=\"wp-block-heading\">Schneller ADR-Transport nach Ma\u00df<\/h2>\n<\/div><\/div><\/div>\n\n<div class=\"container \" data-type=\"core\/paragraph\"><div class=\"row justify-content-center\"><div class=\"col-12 col-md-12 col-lg-10 col-xl-8\"> \n<p>Sie suchen einen spezialisierten Partner f\u00fcr ADR-Transporte? Ob Transporte innerhalb Deutschlands, in oder \u00fcber die Randstad, den S\u00fcden der Niederlande oder andere Regionen Europas \u2013 Isologic hat immer eine passende L\u00f6sung in Ihrer N\u00e4he. Sie w\u00e4hlen einfach den Standort, der f\u00fcr Sie am praktischsten ist. Wir k\u00fcmmern uns um den Rest.<\/p>\n<\/div><\/div><\/div>\n\n<div class=\"container \" data-type=\"core\/paragraph\"><div class=\"row justify-content-center\"><div class=\"col-12 col-md-12 col-lg-10 col-xl-8\"> \n<p>M\u00f6chten Sie mehr \u00fcber unsere Transportdienstleistungen erfahren? W\u00e4hlen Sie den n\u00e4chstgelegenen Standort, um Kontaktdaten, Leistungsumfang und ma\u00dfgeschneiderte L\u00f6sungen f\u00fcr Ihre Anforderungen zu erhalten. Unser Team steht f\u00fcr Sie startklar.<\/p>\n<\/div><\/div><\/div>","protected":false},"excerpt":{"rendered":"<p>Isologic verf\u00fcgt \u00fcber drei strategisch gelegene Standorte: Troisdorf in Deutschland sowie IJmuiden und Raamsdonksveer in den Niederlanden. Von diesen Standorten aus betreuen wir Kunden in ganz Europa mit Stra\u00dfentransporten f\u00fcr alle Gefahrgutklassen \u2013 mit besonderem Schwerpunkt auf Klasse 1, Klasse 7 und GDP-konforme Sendungen. Sie profitieren von kurzen Entscheidungswegen, lokaler Expertise und einem spezialisierten Partner [&hellip;]<\/p>\n","protected":false},"author":3,"featured_media":0,"parent":61200,"menu_order":0,"comment_status":"closed","ping_status":"closed","template":"","meta":{"_acf_changed":false,"footnotes":""},"class_list":["post-61215","page","type-page","status-publish","hentry"],"acf":[],"yoast_head":"<!-- This site is optimized with the Yoast SEO plugin v25.2 - https:\/\/yoast.com\/wordpress\/plugins\/seo\/ -->\n<title>Standorte - Isologic<\/title>\n<meta name=\"robots\" content=\"index, follow, max-snippet:-1, max-image-preview:large, max-video-preview:-1\" \/>\n<link rel=\"canonical\" href=\"https:\/\/isotopelogistics.com\/de\/ueber\/standorte\/\" \/>\n<meta property=\"og:locale\" content=\"de_DE\" \/>\n<meta property=\"og:type\" content=\"article\" \/>\n<meta property=\"og:title\" content=\"Standorte - Isologic\" \/>\n<meta property=\"og:description\" content=\"Isologic verf\u00fcgt \u00fcber drei strategisch gelegene Standorte: Troisdorf in Deutschland sowie IJmuiden und Raamsdonksveer in den Niederlanden. Von diesen Standorten aus betreuen wir Kunden in ganz Europa mit Stra\u00dfentransporten f\u00fcr alle Gefahrgutklassen \u2013 mit besonderem Schwerpunkt auf Klasse 1, Klasse 7 und GDP-konforme Sendungen. Sie profitieren von kurzen Entscheidungswegen, lokaler Expertise und einem spezialisierten Partner [&hellip;]\" \/>\n<meta property=\"og:url\" content=\"https:\/\/isotopelogistics.com\/de\/ueber\/standorte\/\" \/>\n<meta property=\"og:site_name\" content=\"Isologic\" \/>\n<meta property=\"article:modified_time\" content=\"2025-12-11T11:48:20+00:00\" \/>\n<meta name=\"twitter:card\" content=\"summary_large_image\" \/>\n<meta name=\"twitter:label1\" content=\"Gesch\u00e4tzte Lesezeit\" \/>\n\t<meta name=\"twitter:data1\" content=\"1\u00a0Minute\" \/>\n<script type=\"application\/ld+json\" class=\"yoast-schema-graph\">{\"@context\":\"https:\/\/schema.org\",\"@graph\":[{\"@type\":\"WebPage\",\"@id\":\"https:\/\/isotopelogistics.com\/de\/ueber\/standorte\/\",\"url\":\"https:\/\/isotopelogistics.com\/de\/ueber\/standorte\/\",\"name\":\"Standorte - Isologic\",\"isPartOf\":{\"@id\":\"https:\/\/isotopelogistics.com\/de\/#website\"},\"datePublished\":\"2025-05-14T16:33:30+00:00\",\"dateModified\":\"2025-12-11T11:48:20+00:00\",\"breadcrumb\":{\"@id\":\"https:\/\/isotopelogistics.com\/de\/ueber\/standorte\/#breadcrumb\"},\"inLanguage\":\"de\",\"potentialAction\":[{\"@type\":\"ReadAction\",\"target\":[\"https:\/\/isotopelogistics.com\/de\/ueber\/standorte\/\"]}]},{\"@type\":\"BreadcrumbList\",\"@id\":\"https:\/\/isotopelogistics.com\/de\/ueber\/standorte\/#breadcrumb\",\"itemListElement\":[{\"@type\":\"ListItem\",\"position\":1,\"name\":\"Home\",\"item\":\"https:\/\/isotopelogistics.com\/de\/\"},{\"@type\":\"ListItem\",\"position\":2,\"name\":\"\u00dcber uns\",\"item\":\"https:\/\/isotopelogistics.com\/de\/ueber\/\"},{\"@type\":\"ListItem\",\"position\":3,\"name\":\"Standorte\"}]},{\"@type\":\"WebSite\",\"@id\":\"https:\/\/isotopelogistics.com\/de\/#website\",\"url\":\"https:\/\/isotopelogistics.com\/de\/\",\"name\":\"Isologic\",\"description\":\"\",\"publisher\":{\"@id\":\"https:\/\/isotopelogistics.com\/de\/#organization\"},\"potentialAction\":[{\"@type\":\"SearchAction\",\"target\":{\"@type\":\"EntryPoint\",\"urlTemplate\":\"https:\/\/isotopelogistics.com\/de\/?s={search_term_string}\"},\"query-input\":{\"@type\":\"PropertyValueSpecification\",\"valueRequired\":true,\"valueName\":\"search_term_string\"}}],\"inLanguage\":\"de\"},{\"@type\":\"Organization\",\"@id\":\"https:\/\/isotopelogistics.com\/de\/#organization\",\"name\":\"Isologic\",\"url\":\"https:\/\/isotopelogistics.com\/de\/\",\"logo\":{\"@type\":\"ImageObject\",\"inLanguage\":\"de\",\"@id\":\"https:\/\/isotopelogistics.com\/de\/#\/schema\/logo\/image\/\",\"url\":\"https:\/\/isotopelogistics.com\/wp-content\/uploads\/sites\/4\/2024\/02\/Logo-ISOLOGIC-zwart.png\",\"contentUrl\":\"https:\/\/isotopelogistics.com\/wp-content\/uploads\/sites\/4\/2024\/02\/Logo-ISOLOGIC-zwart.png\",\"width\":353,\"height\":177,\"caption\":\"Isologic\"},\"image\":{\"@id\":\"https:\/\/isotopelogistics.com\/de\/#\/schema\/logo\/image\/\"}}]}<\/script>\n<!-- \/ Yoast SEO plugin. -->","yoast_head_json":{"title":"Standorte - Isologic","robots":{"index":"index","follow":"follow","max-snippet":"max-snippet:-1","max-image-preview":"max-image-preview:large","max-video-preview":"max-video-preview:-1"},"canonical":"https:\/\/isotopelogistics.com\/de\/ueber\/standorte\/","og_locale":"de_DE","og_type":"article","og_title":"Standorte - Isologic","og_description":"Isologic verf\u00fcgt \u00fcber drei strategisch gelegene Standorte: Troisdorf in Deutschland sowie IJmuiden und Raamsdonksveer in den Niederlanden. Von diesen Standorten aus betreuen wir Kunden in ganz Europa mit Stra\u00dfentransporten f\u00fcr alle Gefahrgutklassen \u2013 mit besonderem Schwerpunkt auf Klasse 1, Klasse 7 und GDP-konforme Sendungen. Sie profitieren von kurzen Entscheidungswegen, lokaler Expertise und einem spezialisierten Partner [&hellip;]","og_url":"https:\/\/isotopelogistics.com\/de\/ueber\/standorte\/","og_site_name":"Isologic","article_modified_time":"2025-12-11T11:48:20+00:00","twitter_card":"summary_large_image","twitter_misc":{"Gesch\u00e4tzte Lesezeit":"1\u00a0Minute"},"schema":{"@context":"https:\/\/schema.org","@graph":[{"@type":"WebPage","@id":"https:\/\/isotopelogistics.com\/de\/ueber\/standorte\/","url":"https:\/\/isotopelogistics.com\/de\/ueber\/standorte\/","name":"Standorte - Isologic","isPartOf":{"@id":"https:\/\/isotopelogistics.com\/de\/#website"},"datePublished":"2025-05-14T16:33:30+00:00","dateModified":"2025-12-11T11:48:20+00:00","breadcrumb":{"@id":"https:\/\/isotopelogistics.com\/de\/ueber\/standorte\/#breadcrumb"},"inLanguage":"de","potentialAction":[{"@type":"ReadAction","target":["https:\/\/isotopelogistics.com\/de\/ueber\/standorte\/"]}]},{"@type":"BreadcrumbList","@id":"https:\/\/isotopelogistics.com\/de\/ueber\/standorte\/#breadcrumb","itemListElement":[{"@type":"ListItem","position":1,"name":"Home","item":"https:\/\/isotopelogistics.com\/de\/"},{"@type":"ListItem","position":2,"name":"\u00dcber uns","item":"https:\/\/isotopelogistics.com\/de\/ueber\/"},{"@type":"ListItem","position":3,"name":"Standorte"}]},{"@type":"WebSite","@id":"https:\/\/isotopelogistics.com\/de\/#website","url":"https:\/\/isotopelogistics.com\/de\/","name":"Isologic","description":"","publisher":{"@id":"https:\/\/isotopelogistics.com\/de\/#organization"},"potentialAction":[{"@type":"SearchAction","target":{"@type":"EntryPoint","urlTemplate":"https:\/\/isotopelogistics.com\/de\/?s={search_term_string}"},"query-input":{"@type":"PropertyValueSpecification","valueRequired":true,"valueName":"search_term_string"}}],"inLanguage":"de"},{"@type":"Organization","@id":"https:\/\/isotopelogistics.com\/de\/#organization","name":"Isologic","url":"https:\/\/isotopelogistics.com\/de\/","logo":{"@type":"ImageObject","inLanguage":"de","@id":"https:\/\/isotopelogistics.com\/de\/#\/schema\/logo\/image\/","url":"https:\/\/isotopelogistics.com\/wp-content\/uploads\/sites\/4\/2024\/02\/Logo-ISOLOGIC-zwart.png","contentUrl":"https:\/\/isotopelogistics.com\/wp-content\/uploads\/sites\/4\/2024\/02\/Logo-ISOLOGIC-zwart.png","width":353,"height":177,"caption":"Isologic"},"image":{"@id":"https:\/\/isotopelogistics.com\/de\/#\/schema\/logo\/image\/"}}]}},"_links":{"self":[{"href":"https:\/\/isotopelogistics.com\/de\/wp-json\/wp\/v2\/pages\/61215","targetHints":{"allow":["GET"]}}],"collection":[{"href":"https:\/\/isotopelogistics.com\/de\/wp-json\/wp\/v2\/pages"}],"about":[{"href":"https:\/\/isotopelogistics.com\/de\/wp-json\/wp\/v2\/types\/page"}],"author":[{"embeddable":true,"href":"https:\/\/isotopelogistics.com\/de\/wp-json\/wp\/v2\/users\/3"}],"replies":[{"embeddable":true,"href":"https:\/\/isotopelogistics.com\/de\/wp-json\/wp\/v2\/comments?post=61215"}],"version-history":[{"count":1,"href":"https:\/\/isotopelogistics.com\/de\/wp-json\/wp\/v2\/pages\/61215\/revisions"}],"predecessor-version":[{"id":61216,"href":"https:\/\/isotopelogistics.com\/de\/wp-json\/wp\/v2\/pages\/61215\/revisions\/61216"}],"up":[{"embeddable":true,"href":"https:\/\/isotopelogistics.com\/de\/wp-json\/wp\/v2\/pages\/61200"}],"wp:attachment":[{"href":"https:\/\/isotopelogistics.com\/de\/wp-json\/wp\/v2\/media?parent=61215"}],"curies":[{"name":"wp","href":"https:\/\/api.w.org\/{rel}","templated":true}]}}