{"id":61200,"date":"2024-02-27T16:04:11","date_gmt":"2024-02-27T16:04:11","guid":{"rendered":"https:\/\/isotopelogistics.com\/?page_id=61200"},"modified":"2025-12-11T11:31:07","modified_gmt":"2025-12-11T11:31:07","slug":"ueber","status":"publish","type":"page","link":"https:\/\/isotopelogistics.com\/de\/ueber\/","title":{"rendered":"\u00dcber uns"},"content":{"rendered":"<div class=\"container \" data-type=\"core\/paragraph\"><div class=\"row justify-content-center\"><div class=\"col-12 col-md-12 col-lg-10 col-xl-8\"> \n<p><strong>Isologic ist Spezialist f\u00fcr den Stra\u00dfentransport aller Arten gef\u00e4hrlicher G\u00fcter. Von unseren Standorten in <strong>Troisdorf (Deutschland) <\/strong>sowie IJmuiden und Raamsdonksveer (Niederlande) aus betreuen wir Kunden in ganz Europa. Wir transportieren alle ADR-Gefahrgutklassen, mit besonderem Fokus auf Explosivstoffe f\u00fcr zivile Anwendungen, radioaktive Stoffe und GDP-konforme Sendungen f\u00fcr die pharmazeutische und medizinische Branche.<\/strong><\/p>\n<\/div><\/div><\/div>\n\n<div class=\"container \" data-type=\"core\/paragraph\"><div class=\"row justify-content-center\"><div class=\"col-12 col-md-12 col-lg-10 col-xl-8\"> \n<p>Seit unserer Gr\u00fcndung im Jahr 2015 konzentrieren wir uns vollst\u00e4ndig auf die Entwicklung und Durchf\u00fchrung anspruchsvoller logistischer L\u00f6sungen. Gemeinsam mit unseren Kunden arbeiten wir t\u00e4glich an einem sicheren, zuverl\u00e4ssigen und planbaren Transport gef\u00e4hrlicher G\u00fcter.<\/p>\n<\/div><\/div><\/div>\n\n<div class=\"container \" data-type=\"core\/heading\"><div class=\"row justify-content-center\"><div class=\"col-12 col-md-12 col-lg-10 col-xl-8\"> \n<h2 class=\"wp-block-heading\">Unsere Mission<\/h2>\n<\/div><\/div><\/div>\n\n<div class=\"container \" data-type=\"core\/paragraph\"><div class=\"row justify-content-center\"><div class=\"col-12 col-md-12 col-lg-10 col-xl-8\"> \n<p>Unsere Mission ist es, Unternehmen insbesondere im Gesundheitswesen, in zentralen Industrie- und Produktionsbereichen, in der Energiewirtschaft und in der Nuklearmedizin mit sicherer und sorgf\u00e4ltiger Logistik zu unterst\u00fctzen. Eine termingerechte und korrekte Lieferung gef\u00e4hrlicher Stoffe ist entscheidend f\u00fcr Patientenversorgung, Forschung und Produktionsprozesse. Deshalb ist unsere Organisation konsequent an drei Leitbegriffen ausgerichtet: Sicherheit, Qualit\u00e4t und Entlastung.<\/p>\n<\/div><\/div><\/div>\n\n<div class=\"container \" data-type=\"core\/paragraph\"><div class=\"row justify-content-center\"><div class=\"col-12 col-md-12 col-lg-10 col-xl-8\"> \n<p>Wir denken mit Ihnen mit, definieren klare Vereinbarungen und sorgen daf\u00fcr, dass Ihre Sendungen ohne unn\u00f6tigen Aufwand f\u00fcr Sie am richtigen Ort ankommen.<\/p>\n<\/div><\/div><\/div>\n\n<div class=\"container \" data-type=\"core\/heading\"><div class=\"row justify-content-center\"><div class=\"col-12 col-md-12 col-lg-10 col-xl-8\"> \n<h2 class=\"wp-block-heading\">Unsere Spezialisierung<\/h2>\n<\/div><\/div><\/div>\n\n<div class=\"container \" data-type=\"core\/paragraph\"><div class=\"row justify-content-center\"><div class=\"col-12 col-md-12 col-lg-10 col-xl-8\"> \n<p>Isologic konzentriert sich vollst\u00e4ndig auf den Stra\u00dfentransport gef\u00e4hrlicher G\u00fcter. Wir verbinden:<\/p>\n<\/div><\/div><\/div>\n\n<div class=\"container \" data-type=\"core\/list\"><div class=\"row justify-content-center\"><div class=\"col-12 col-md-12 col-lg-10 col-xl-8\"> \n<ul class=\"wp-block-list\">\n<li>den Transport <strong>aller ADR-Gefahrgutklassen<\/strong>,<\/li>\n\n\n\n<li>eine besondere Spezialisierung auf <strong>Klasse 1<\/strong> (Explosivstoffe f\u00fcr zivile Anwendungen) und <strong>Klasse 7<\/strong> (radioaktive Stoffe),<\/li>\n\n\n\n<li><strong>GDP-zertifizierte<\/strong> Transporte von Arzneimitteln, pharmazeutischen Ausgangsstoffen und Radiofarmaka.<\/li>\n<\/ul>\n<\/div><\/div><\/div>\n\n<div class=\"container \" data-type=\"core\/paragraph\"><div class=\"row justify-content-center\"><div class=\"col-12 col-md-12 col-lg-10 col-xl-8\"> \n<p>Dank dieser Spezialisierung \u00fcbernehmen wir unter anderem:<\/p>\n<\/div><\/div><\/div>\n\n<div class=\"container \" data-type=\"core\/list\"><div class=\"row justify-content-center\"><div class=\"col-12 col-md-12 col-lg-10 col-xl-8\"> \n<ul class=\"wp-block-list\">\n<li><a href=\"https:\/\/isotopelogistics.com\/de\/road-transport\/inlaendisch\/\">nationale<\/a> und <a href=\"https:\/\/isotopelogistics.com\/de\/road-transport\/international\/\">internationale ADR-Transporte<\/a>,<\/li>\n\n\n\n<li><a href=\"https:\/\/isotopelogistics.com\/de\/road-transport\/flughafenzustellung\/\">Flughafenzustellungen<\/a> und <a href=\"https:\/\/isotopelogistics.com\/de\/road-transport\/luftfrachttransport\/\">Stra\u00dfentransporte im Luftfrachtumfeld<\/a>,<\/li>\n\n\n\n<li><a href=\"https:\/\/isotopelogistics.com\/de\/road-transport\/umschlag\/\">Umschlag<\/a> als Teil der gesamten Transportkette,<\/li>\n\n\n\n<li>Transporte unter <a href=\"https:\/\/isotopelogistics.com\/de\/road-transport\/zollabwicklung\/\">Zollstatus<\/a>,<\/li>\n\n\n\n<li><a href=\"https:\/\/isotopelogistics.com\/de\/road-transport\/temperaturgefuehrte-sendungen\/\">temperaturgef\u00fchrte Gefahrguttransporte<\/a>,<\/li>\n\n\n\n<li><a href=\"https:\/\/isotopelogistics.com\/de\/road-transport\/letzte-meile\/\">Letzte-Meile-Zustellungen<\/a> in Innenst\u00e4dten, zu Krankenh\u00e4usern und anderen sensiblen Standorten.<\/li>\n<\/ul>\n<\/div><\/div><\/div>\n\n<div class=\"container \" data-type=\"core\/paragraph\"><div class=\"row justify-content-center\"><div class=\"col-12 col-md-12 col-lg-10 col-xl-8\"> \n<p>So haben Sie einen spezialisierten Partner f\u00fcr Ihre komplette Gefahrguttransportkette.<\/p>\n<\/div><\/div><\/div>\n\n<div class=\"container \" data-type=\"core\/heading\"><div class=\"row justify-content-center\"><div class=\"col-12 col-md-12 col-lg-10 col-xl-8\"> \n<h2 class=\"wp-block-heading\">Teil der Special-Cargo-Gruppe<\/h2>\n<\/div><\/div><\/div>\n\n<div class=\"container \" data-type=\"core\/paragraph\"><div class=\"row justify-content-center\"><div class=\"col-12 col-md-12 col-lg-10 col-xl-8\"> \n<p>Isologic ist Teil der Special-Cargo-Unternehmensgruppe \u2013 einer Gruppe von Unternehmen, die sich vollst\u00e4ndig auf Gefahrgut und Sicherheit fokussiert. Innerhalb dieser Gruppe arbeiten wir eng zusammen mit:<\/p>\n<\/div><\/div><\/div>\n\n<div class=\"container \" data-type=\"core\/list\"><div class=\"row justify-content-center\"><div class=\"col-12 col-md-12 col-lg-10 col-xl-8\"> \n<ul class=\"wp-block-list\">\n<li><strong><a href=\"https:\/\/services.specialcargo.com\/en-nl\/\">Special Cargo Services<\/a>:<\/strong> logistische Dienstleistungen, Lager- und Umschlagsaktivit\u00e4ten sowie erg\u00e4nzende Infrastruktur,<\/li>\n\n\n\n<li><strong><a href=\"https:\/\/college.specialcargo.com\/en\/\">Special Cargo College<\/a>:<\/strong> Aus- und Weiterbildung sowie Beratung im Bereich Gefahrgut und Sicherheit.<\/li>\n<\/ul>\n<\/div><\/div><\/div>\n\n<div class=\"container \" data-type=\"core\/paragraph\"><div class=\"row justify-content-center\"><div class=\"col-12 col-md-12 col-lg-10 col-xl-8\"> \n<p>Unsere Fahrer und Mitarbeitenden werden \u00fcber das Special Cargo College aus- und regelm\u00e4\u00dfig weitergebildet. So bleiben wir stets auf dem neuesten Stand der gesetzlichen Vorgaben und branchen\u00fcblichen Best Practices.<\/p>\n<\/div><\/div><\/div>\n\n<div class=\"container \" data-type=\"core\/heading\"><div class=\"row justify-content-center\"><div class=\"col-12 col-md-12 col-lg-10 col-xl-8\"> \n<h2 class=\"wp-block-heading\">Unsere Standorte<\/h2>\n<\/div><\/div><\/div>\n\n<div class=\"container \" data-type=\"core\/paragraph\"><div class=\"row justify-content-center\"><div class=\"col-12 col-md-12 col-lg-10 col-xl-8\"> \n<p>Von drei strategisch gelegenen Standorten aus bedienen wir Kunden in ganz Europa:<\/p>\n<\/div><\/div><\/div>\n\n<div class=\"container \" data-type=\"core\/list\"><div class=\"row justify-content-center\"><div class=\"col-12 col-md-12 col-lg-10 col-xl-8\"> \n<ul class=\"wp-block-list\">\n<li><strong>Troisdorf (DE)<\/strong>: in der Region K\u00f6ln\/Bonn, einem wichtigen Knotenpunkt f\u00fcr den deutschen Markt und den Transit in andere L\u00e4nder,<\/li>\n\n\n\n<li><strong>IJmuiden (NL)<\/strong>: verkehrsg\u00fcnstig im Hinblick auf die Randstad, Seeh\u00e4fen und Flugh\u00e4fen,<\/li>\n\n\n\n<li><strong>Raamsdonksveer (NL)<\/strong>: zentral zwischen Randstad, S\u00fcd-Niederlande und Belgien.<\/li>\n<\/ul>\n<\/div><\/div><\/div>\n\n<div class=\"container \" data-type=\"core\/paragraph\"><div class=\"row justify-content-center\"><div class=\"col-12 col-md-12 col-lg-10 col-xl-8\"> \n<p>Durch diese geografische Aufstellung k\u00f6nnen wir Routen effizient planen, zeitkritische Sendungen flexibel disponieren und lokale Marktkenntnis mit einem einheitlichen Qualit\u00e4tsstandard verbinden.<\/p>\n<\/div><\/div><\/div>\n\n<div class=\"container \" data-type=\"core\/heading\"><div class=\"row justify-content-center\"><div class=\"col-12 col-md-12 col-lg-10 col-xl-8\"> \n<h2 class=\"wp-block-heading\">Unser Team<\/h2>\n<\/div><\/div><\/div>\n\n<div class=\"container \" data-type=\"core\/paragraph\"><div class=\"row justify-content-center\"><div class=\"col-12 col-md-12 col-lg-10 col-xl-8\"> \n<p>Das Team von Isologic besteht aus erfahrenen Fachleuten mit einem starken Hintergrund in Gefahrgutlogistik, Gesundheitswesen und nuklearen Anwendungen. Unsere Fahrer sind ADR-geschult und verf\u00fcgen \u2013 wo erforderlich \u2013 \u00fcber zus\u00e4tzliche Zertifizierungen und Bef\u00e4higungen.<\/p>\n<\/div><\/div><\/div>\n\n<div class=\"container \" data-type=\"core\/paragraph\"><div class=\"row justify-content-center\"><div class=\"col-12 col-md-12 col-lg-10 col-xl-8\"> \n<p>Auch in Disposition und Backoffice arbeiten Menschen, die die operative Realit\u00e4t kennen: Sie sprechen gleicherma\u00dfen die Sprache der Praxis wie die der Compliance. Kontinuierliche Schulung und Weiterentwicklung stellen sicher, dass unser Team stets mit den aktuellen Vorschriften, Technologien und Arbeitsweisen vertraut ist.<\/p>\n<\/div><\/div><\/div>\n\n<div class=\"container \" data-type=\"core\/heading\"><div class=\"row justify-content-center\"><div class=\"col-12 col-md-12 col-lg-10 col-xl-8\"> \n<h2 class=\"wp-block-heading\">Wie wir arbeiten<\/h2>\n<\/div><\/div><\/div>\n\n<div class=\"container \" data-type=\"core\/paragraph\"><div class=\"row justify-content-center\"><div class=\"col-12 col-md-12 col-lg-10 col-xl-8\"> \n<p>Bei Isologic setzen wir die Messlatte hoch \u2013 genau dort, wo sie in unserer Branche hingeh\u00f6rt. Konkret bedeutet das:<\/p>\n<\/div><\/div><\/div>\n\n<div class=\"container \" data-type=\"core\/heading\"><div class=\"row justify-content-center\"><div class=\"col-12 col-md-12 col-lg-10 col-xl-8\"> \n<h3 class=\"wp-block-heading\">Immer regelkonform<\/h3>\n<\/div><\/div><\/div>\n\n<div class=\"container \" data-type=\"core\/paragraph\"><div class=\"row justify-content-center\"><div class=\"col-12 col-md-12 col-lg-10 col-xl-8\"> \n<p>Wir verbinden fundierte ADR-Expertise, Genehmigungen in mehreren europ\u00e4ischen L\u00e4ndern und spezialisierte Fahrzeuge mit klar strukturierten Arbeitsprozessen. So stellen wir sicher, dass jede Sendung vorschriftsgem\u00e4\u00df abgewickelt wird.<\/p>\n<\/div><\/div><\/div>\n\n<div class=\"container \" data-type=\"core\/heading\"><div class=\"row justify-content-center\"><div class=\"col-12 col-md-12 col-lg-10 col-xl-8\"> \n<h3 class=\"wp-block-heading\">Klare Absprachen und Kommunikation<\/h3>\n<\/div><\/div><\/div>\n\n<div class=\"container \" data-type=\"core\/paragraph\"><div class=\"row justify-content-center\"><div class=\"col-12 col-md-12 col-lg-10 col-xl-8\"> \n<p>Wir legen im Vorfeld fest, was wir tun, wann wir liefern und wie wir berichten. Sie haben jederzeit einen festen Ansprechpartner, der Ihre Projekte kennt und f\u00fcr Sie erreichbar ist.<\/p>\n<\/div><\/div><\/div>\n\n<div class=\"container \" data-type=\"core\/heading\"><div class=\"row justify-content-center\"><div class=\"col-12 col-md-12 col-lg-10 col-xl-8\"> \n<h3 class=\"wp-block-heading\">Transparenz und R\u00fcckverfolgbarkeit<\/h3>\n<\/div><\/div><\/div>\n\n<div class=\"container \" data-type=\"core\/paragraph\"><div class=\"row justify-content-center\"><div class=\"col-12 col-md-12 col-lg-10 col-xl-8\"> \n<p>Unsere Fahrzeuge sind mit Track-&amp;-Trace-Systemen ausgestattet, einschlie\u00dflich redundanter L\u00f6sungen f\u00fcr maximale Sicherheit und Ausfallsicherheit. F\u00fcr temperaturgef\u00fchrte Sendungen k\u00f6nnen wir Temperaturdaten erfassen und zur Verf\u00fcgung stellen \u2013 f\u00fcr Audits, Batch-Dokumentation oder interne Kontrollen.<\/p>\n<\/div><\/div><\/div>\n\n<div class=\"container \" data-type=\"core\/heading\"><div class=\"row justify-content-center\"><div class=\"col-12 col-md-12 col-lg-10 col-xl-8\"> \n<h3 class=\"wp-block-heading\">Zusammenarbeit in der Lieferkette<\/h3>\n<\/div><\/div><\/div>\n\n<div class=\"container \" data-type=\"core\/paragraph\"><div class=\"row justify-content-center\"><div class=\"col-12 col-md-12 col-lg-10 col-xl-8\"> \n<p>Wir arbeiten eng mit Ihren eigenen Planern, Spediteuren, Zollpartnern, Terminals und Empfangsstellen zusammen. So greift jede Prozessstufe sauber in die n\u00e4chste \u2013 vom Absender bis zum Empf\u00e4nger.<\/p>\n<\/div><\/div><\/div>\n\n<div class=\"container \" data-type=\"core\/heading\"><div class=\"row justify-content-center\"><div class=\"col-12 col-md-12 col-lg-10 col-xl-8\"> \n<h2 class=\"wp-block-heading\">Unsere Verpflichtung<\/h2>\n<\/div><\/div><\/div>\n\n<div class=\"container \" data-type=\"core\/paragraph\"><div class=\"row justify-content-center\"><div class=\"col-12 col-md-12 col-lg-10 col-xl-8\"> \n<p>Wir setzen auf langfristige Partnerschaften statt auf einzelne, isolierte Transporte. Viele unserer Kunden arbeiten seit Jahren mit uns zusammen, weil wir halten, was wir zusagen, erreichbar bleiben und aktiv mitdenken, wenn sich Rahmenbedingungen \u00e4ndern.<\/p>\n<\/div><\/div><\/div>\n\n<div class=\"container \" data-type=\"core\/paragraph\"><div class=\"row justify-content-center\"><div class=\"col-12 col-md-12 col-lg-10 col-xl-8\"> \n<p>Ob einzelne Sendung oder komplettes Distributionsnetzwerk: Isologic steht Ihnen als Spezialist und verl\u00e4sslicher Partner f\u00fcr den Stra\u00dfentransport gef\u00e4hrlicher G\u00fcter zur Seite.<\/p>\n<\/div><\/div><\/div>","protected":false},"excerpt":{"rendered":"<p>Isologic ist Spezialist f\u00fcr den Stra\u00dfentransport aller Arten gef\u00e4hrlicher G\u00fcter. Von unseren Standorten in Troisdorf (Deutschland) sowie IJmuiden und Raamsdonksveer (Niederlande) aus betreuen wir Kunden in ganz Europa. Wir transportieren alle ADR-Gefahrgutklassen, mit besonderem Fokus auf Explosivstoffe f\u00fcr zivile Anwendungen, radioaktive Stoffe und GDP-konforme Sendungen f\u00fcr die pharmazeutische und medizinische Branche. Seit unserer Gr\u00fcndung im [&hellip;]<\/p>\n","protected":false},"author":3,"featured_media":61116,"parent":0,"menu_order":0,"comment_status":"closed","ping_status":"closed","template":"","meta":{"_acf_changed":false,"footnotes":""},"class_list":["post-61200","page","type-page","status-publish","has-post-thumbnail","hentry"],"acf":[],"yoast_head":"<!-- This site is optimized with the Yoast SEO plugin v25.2 - https:\/\/yoast.com\/wordpress\/plugins\/seo\/ -->\n<title>\u00dcber uns - Isologic<\/title>\n<meta name=\"robots\" content=\"index, follow, max-snippet:-1, max-image-preview:large, max-video-preview:-1\" \/>\n<link rel=\"canonical\" href=\"https:\/\/isotopelogistics.com\/de\/ueber\/\" \/>\n<meta property=\"og:locale\" content=\"de_DE\" \/>\n<meta property=\"og:type\" content=\"article\" \/>\n<meta property=\"og:title\" content=\"\u00dcber uns - Isologic\" \/>\n<meta property=\"og:description\" content=\"Isologic ist Spezialist f\u00fcr den Stra\u00dfentransport aller Arten gef\u00e4hrlicher G\u00fcter. Von unseren Standorten in Troisdorf (Deutschland) sowie IJmuiden und Raamsdonksveer (Niederlande) aus betreuen wir Kunden in ganz Europa. Wir transportieren alle ADR-Gefahrgutklassen, mit besonderem Fokus auf Explosivstoffe f\u00fcr zivile Anwendungen, radioaktive Stoffe und GDP-konforme Sendungen f\u00fcr die pharmazeutische und medizinische Branche. Seit unserer Gr\u00fcndung im [&hellip;]\" \/>\n<meta property=\"og:url\" content=\"https:\/\/isotopelogistics.com\/de\/ueber\/\" \/>\n<meta property=\"og:site_name\" content=\"Isologic\" \/>\n<meta property=\"article:modified_time\" content=\"2025-12-11T11:31:07+00:00\" \/>\n<meta property=\"og:image\" content=\"https:\/\/isotopelogistics.com\/wp-content\/uploads\/sites\/4\/2025\/02\/Bewerkt-LTP-1062-scaled.jpg\" \/>\n\t<meta property=\"og:image:width\" content=\"2560\" \/>\n\t<meta property=\"og:image:height\" content=\"1707\" \/>\n\t<meta property=\"og:image:type\" content=\"image\/jpeg\" \/>\n<meta name=\"twitter:card\" content=\"summary_large_image\" \/>\n<meta name=\"twitter:label1\" content=\"Gesch\u00e4tzte Lesezeit\" \/>\n\t<meta name=\"twitter:data1\" content=\"4\u00a0Minuten\" \/>\n<script type=\"application\/ld+json\" class=\"yoast-schema-graph\">{\"@context\":\"https:\/\/schema.org\",\"@graph\":[{\"@type\":\"WebPage\",\"@id\":\"https:\/\/isotopelogistics.com\/de\/ueber\/\",\"url\":\"https:\/\/isotopelogistics.com\/de\/ueber\/\",\"name\":\"\u00dcber uns - Isologic\",\"isPartOf\":{\"@id\":\"https:\/\/isotopelogistics.com\/de\/#website\"},\"primaryImageOfPage\":{\"@id\":\"https:\/\/isotopelogistics.com\/de\/ueber\/#primaryimage\"},\"image\":{\"@id\":\"https:\/\/isotopelogistics.com\/de\/ueber\/#primaryimage\"},\"thumbnailUrl\":\"https:\/\/isotopelogistics.com\/wp-content\/uploads\/sites\/4\/2025\/02\/Bewerkt-LTP-1062-scaled.jpg\",\"datePublished\":\"2024-02-27T16:04:11+00:00\",\"dateModified\":\"2025-12-11T11:31:07+00:00\",\"breadcrumb\":{\"@id\":\"https:\/\/isotopelogistics.com\/de\/ueber\/#breadcrumb\"},\"inLanguage\":\"de\",\"potentialAction\":[{\"@type\":\"ReadAction\",\"target\":[\"https:\/\/isotopelogistics.com\/de\/ueber\/\"]}]},{\"@type\":\"ImageObject\",\"inLanguage\":\"de\",\"@id\":\"https:\/\/isotopelogistics.com\/de\/ueber\/#primaryimage\",\"url\":\"https:\/\/isotopelogistics.com\/wp-content\/uploads\/sites\/4\/2025\/02\/Bewerkt-LTP-1062-scaled.jpg\",\"contentUrl\":\"https:\/\/isotopelogistics.com\/wp-content\/uploads\/sites\/4\/2025\/02\/Bewerkt-LTP-1062-scaled.jpg\",\"width\":2560,\"height\":1707},{\"@type\":\"BreadcrumbList\",\"@id\":\"https:\/\/isotopelogistics.com\/de\/ueber\/#breadcrumb\",\"itemListElement\":[{\"@type\":\"ListItem\",\"position\":1,\"name\":\"Home\",\"item\":\"https:\/\/isotopelogistics.com\/de\/\"},{\"@type\":\"ListItem\",\"position\":2,\"name\":\"\u00dcber uns\"}]},{\"@type\":\"WebSite\",\"@id\":\"https:\/\/isotopelogistics.com\/de\/#website\",\"url\":\"https:\/\/isotopelogistics.com\/de\/\",\"name\":\"Isologic\",\"description\":\"\",\"publisher\":{\"@id\":\"https:\/\/isotopelogistics.com\/de\/#organization\"},\"potentialAction\":[{\"@type\":\"SearchAction\",\"target\":{\"@type\":\"EntryPoint\",\"urlTemplate\":\"https:\/\/isotopelogistics.com\/de\/?s={search_term_string}\"},\"query-input\":{\"@type\":\"PropertyValueSpecification\",\"valueRequired\":true,\"valueName\":\"search_term_string\"}}],\"inLanguage\":\"de\"},{\"@type\":\"Organization\",\"@id\":\"https:\/\/isotopelogistics.com\/de\/#organization\",\"name\":\"Isologic\",\"url\":\"https:\/\/isotopelogistics.com\/de\/\",\"logo\":{\"@type\":\"ImageObject\",\"inLanguage\":\"de\",\"@id\":\"https:\/\/isotopelogistics.com\/de\/#\/schema\/logo\/image\/\",\"url\":\"https:\/\/isotopelogistics.com\/wp-content\/uploads\/sites\/4\/2024\/02\/Logo-ISOLOGIC-zwart.png\",\"contentUrl\":\"https:\/\/isotopelogistics.com\/wp-content\/uploads\/sites\/4\/2024\/02\/Logo-ISOLOGIC-zwart.png\",\"width\":353,\"height\":177,\"caption\":\"Isologic\"},\"image\":{\"@id\":\"https:\/\/isotopelogistics.com\/de\/#\/schema\/logo\/image\/\"}}]}<\/script>\n<!-- \/ Yoast SEO plugin. -->","yoast_head_json":{"title":"\u00dcber uns - Isologic","robots":{"index":"index","follow":"follow","max-snippet":"max-snippet:-1","max-image-preview":"max-image-preview:large","max-video-preview":"max-video-preview:-1"},"canonical":"https:\/\/isotopelogistics.com\/de\/ueber\/","og_locale":"de_DE","og_type":"article","og_title":"\u00dcber uns - Isologic","og_description":"Isologic ist Spezialist f\u00fcr den Stra\u00dfentransport aller Arten gef\u00e4hrlicher G\u00fcter. Von unseren Standorten in Troisdorf (Deutschland) sowie IJmuiden und Raamsdonksveer (Niederlande) aus betreuen wir Kunden in ganz Europa. Wir transportieren alle ADR-Gefahrgutklassen, mit besonderem Fokus auf Explosivstoffe f\u00fcr zivile Anwendungen, radioaktive Stoffe und GDP-konforme Sendungen f\u00fcr die pharmazeutische und medizinische Branche. Seit unserer Gr\u00fcndung im [&hellip;]","og_url":"https:\/\/isotopelogistics.com\/de\/ueber\/","og_site_name":"Isologic","article_modified_time":"2025-12-11T11:31:07+00:00","og_image":[{"width":2560,"height":1707,"url":"https:\/\/isotopelogistics.com\/wp-content\/uploads\/sites\/4\/2025\/02\/Bewerkt-LTP-1062-scaled.jpg","type":"image\/jpeg"}],"twitter_card":"summary_large_image","twitter_misc":{"Gesch\u00e4tzte Lesezeit":"4\u00a0Minuten"},"schema":{"@context":"https:\/\/schema.org","@graph":[{"@type":"WebPage","@id":"https:\/\/isotopelogistics.com\/de\/ueber\/","url":"https:\/\/isotopelogistics.com\/de\/ueber\/","name":"\u00dcber uns - Isologic","isPartOf":{"@id":"https:\/\/isotopelogistics.com\/de\/#website"},"primaryImageOfPage":{"@id":"https:\/\/isotopelogistics.com\/de\/ueber\/#primaryimage"},"image":{"@id":"https:\/\/isotopelogistics.com\/de\/ueber\/#primaryimage"},"thumbnailUrl":"https:\/\/isotopelogistics.com\/wp-content\/uploads\/sites\/4\/2025\/02\/Bewerkt-LTP-1062-scaled.jpg","datePublished":"2024-02-27T16:04:11+00:00","dateModified":"2025-12-11T11:31:07+00:00","breadcrumb":{"@id":"https:\/\/isotopelogistics.com\/de\/ueber\/#breadcrumb"},"inLanguage":"de","potentialAction":[{"@type":"ReadAction","target":["https:\/\/isotopelogistics.com\/de\/ueber\/"]}]},{"@type":"ImageObject","inLanguage":"de","@id":"https:\/\/isotopelogistics.com\/de\/ueber\/#primaryimage","url":"https:\/\/isotopelogistics.com\/wp-content\/uploads\/sites\/4\/2025\/02\/Bewerkt-LTP-1062-scaled.jpg","contentUrl":"https:\/\/isotopelogistics.com\/wp-content\/uploads\/sites\/4\/2025\/02\/Bewerkt-LTP-1062-scaled.jpg","width":2560,"height":1707},{"@type":"BreadcrumbList","@id":"https:\/\/isotopelogistics.com\/de\/ueber\/#breadcrumb","itemListElement":[{"@type":"ListItem","position":1,"name":"Home","item":"https:\/\/isotopelogistics.com\/de\/"},{"@type":"ListItem","position":2,"name":"\u00dcber uns"}]},{"@type":"WebSite","@id":"https:\/\/isotopelogistics.com\/de\/#website","url":"https:\/\/isotopelogistics.com\/de\/","name":"Isologic","description":"","publisher":{"@id":"https:\/\/isotopelogistics.com\/de\/#organization"},"potentialAction":[{"@type":"SearchAction","target":{"@type":"EntryPoint","urlTemplate":"https:\/\/isotopelogistics.com\/de\/?s={search_term_string}"},"query-input":{"@type":"PropertyValueSpecification","valueRequired":true,"valueName":"search_term_string"}}],"inLanguage":"de"},{"@type":"Organization","@id":"https:\/\/isotopelogistics.com\/de\/#organization","name":"Isologic","url":"https:\/\/isotopelogistics.com\/de\/","logo":{"@type":"ImageObject","inLanguage":"de","@id":"https:\/\/isotopelogistics.com\/de\/#\/schema\/logo\/image\/","url":"https:\/\/isotopelogistics.com\/wp-content\/uploads\/sites\/4\/2024\/02\/Logo-ISOLOGIC-zwart.png","contentUrl":"https:\/\/isotopelogistics.com\/wp-content\/uploads\/sites\/4\/2024\/02\/Logo-ISOLOGIC-zwart.png","width":353,"height":177,"caption":"Isologic"},"image":{"@id":"https:\/\/isotopelogistics.com\/de\/#\/schema\/logo\/image\/"}}]}},"_links":{"self":[{"href":"https:\/\/isotopelogistics.com\/de\/wp-json\/wp\/v2\/pages\/61200","targetHints":{"allow":["GET"]}}],"collection":[{"href":"https:\/\/isotopelogistics.com\/de\/wp-json\/wp\/v2\/pages"}],"about":[{"href":"https:\/\/isotopelogistics.com\/de\/wp-json\/wp\/v2\/types\/page"}],"author":[{"embeddable":true,"href":"https:\/\/isotopelogistics.com\/de\/wp-json\/wp\/v2\/users\/3"}],"replies":[{"embeddable":true,"href":"https:\/\/isotopelogistics.com\/de\/wp-json\/wp\/v2\/comments?post=61200"}],"version-history":[{"count":4,"href":"https:\/\/isotopelogistics.com\/de\/wp-json\/wp\/v2\/pages\/61200\/revisions"}],"predecessor-version":[{"id":61209,"href":"https:\/\/isotopelogistics.com\/de\/wp-json\/wp\/v2\/pages\/61200\/revisions\/61209"}],"wp:featuredmedia":[{"embeddable":true,"href":"https:\/\/isotopelogistics.com\/de\/wp-json\/wp\/v2\/media\/61116"}],"wp:attachment":[{"href":"https:\/\/isotopelogistics.com\/de\/wp-json\/wp\/v2\/media?parent=61200"}],"curies":[{"name":"wp","href":"https:\/\/api.w.org\/{rel}","templated":true}]}}