{"id":61087,"date":"2025-12-09T13:46:11","date_gmt":"2025-12-09T13:46:11","guid":{"rendered":"https:\/\/isotopelogistics.com\/?page_id=61087"},"modified":"2026-02-23T13:11:24","modified_gmt":"2026-02-23T13:11:24","slug":"impressum","status":"publish","type":"page","link":"https:\/\/isotopelogistics.com\/de\/impressum\/","title":{"rendered":"Impressum"},"content":{"rendered":"<div class=\"container \" data-type=\"core\/paragraph\"><div class=\"row justify-content-center\"><div class=\"col-12 col-md-12 col-lg-10 col-xl-8\"> \n<p><strong>Nachfolgend finden Sie alle relevanten Unternehmensangaben zu unserer Organisation in Deutschland \u2013 von unseren Kontakt- und Vertretungsdaten bis hin zu Informationen zur Haftung.<\/strong><\/p>\n<\/div><\/div><\/div>\n\n<div class=\"container \" data-type=\"core\/paragraph\"><div class=\"row justify-content-center\"><div class=\"col-12 col-md-12 col-lg-10 col-xl-8\"> \n<p>F\u00fcr alle Fragen k\u00f6nnen Sie sich jederzeit direkt an unser Kundenserviceteam wenden.<\/p>\n<\/div><\/div><\/div>\n\n<div class=\"container \" data-type=\"core\/heading\"><div class=\"row justify-content-center\"><div class=\"col-12 col-md-12 col-lg-10 col-xl-8\"> \n<h2 class=\"wp-block-heading\">Unternehmensangaben<\/h2>\n<\/div><\/div><\/div>\n\n<div class=\"container \" data-type=\"core\/heading\"><div class=\"row justify-content-center\"><div class=\"col-12 col-md-12 col-lg-10 col-xl-8\"> \n<h3 class=\"wp-block-heading\">Name des Unternehmens<\/h3>\n<\/div><\/div><\/div>\n\n<div class=\"container \" data-type=\"core\/paragraph\"><div class=\"row justify-content-center\"><div class=\"col-12 col-md-12 col-lg-10 col-xl-8\"> \n<p><strong>Isologic GmbH<\/strong><\/p>\n<\/div><\/div><\/div>\n\n<div class=\"container \" data-type=\"core\/heading\"><div class=\"row justify-content-center\"><div class=\"col-12 col-md-12 col-lg-10 col-xl-8\"> \n<h3 class=\"wp-block-heading\">Rechtsform<\/h3>\n<\/div><\/div><\/div>\n\n<div class=\"container \" data-type=\"core\/paragraph\"><div class=\"row justify-content-center\"><div class=\"col-12 col-md-12 col-lg-10 col-xl-8\"> \n<p>Gesellschaft mit beschr\u00e4nkter Haftung (GmbH)<\/p>\n<\/div><\/div><\/div>\n\n<div class=\"container \" data-type=\"core\/heading\"><div class=\"row justify-content-center\"><div class=\"col-12 col-md-12 col-lg-10 col-xl-8\"> \n<h3 class=\"wp-block-heading\">Angabe \u00fcber das Kapital der Gesellschaft<\/h3>\n<\/div><\/div><\/div>\n\n<div class=\"container \" data-type=\"core\/paragraph\"><div class=\"row justify-content-center\"><div class=\"col-12 col-md-12 col-lg-10 col-xl-8\"> \n<p>Stammkapital: \u20ac 25.000<\/p>\n<\/div><\/div><\/div>\n\n<div class=\"container \" data-type=\"core\/heading\"><div class=\"row justify-content-center\"><div class=\"col-12 col-md-12 col-lg-10 col-xl-8\"> \n<h3 class=\"wp-block-heading\">Hauptsitz<\/h3>\n<\/div><\/div><\/div>\n\n<div class=\"container \" data-type=\"core\/paragraph\"><div class=\"row justify-content-center\"><div class=\"col-12 col-md-12 col-lg-10 col-xl-8\"> \n<p>Br\u00fcsseler Stra\u00dfe 6<br>53842 Troisdorf<br>Deutschland<\/p>\n<\/div><\/div><\/div>\n\n<div class=\"container \" data-type=\"core\/heading\"><div class=\"row justify-content-center\"><div class=\"col-12 col-md-12 col-lg-10 col-xl-8\"> \n<h3 class=\"wp-block-heading\">Kontaktm\u00f6glichkeit<\/h3>\n<\/div><\/div><\/div>\n\n<div class=\"container \" data-type=\"core\/paragraph\"><div class=\"row justify-content-center\"><div class=\"col-12 col-md-12 col-lg-10 col-xl-8\"> \n<p>Telefon: <a href=\"tel:+4915170643515\">+49 1517 0643 515<\/a><br>E-Mail: <a href=\"mailto:info@iso-logic.de\">info@iso-logic.de<\/a><\/p>\n<\/div><\/div><\/div>\n\n<div class=\"container \" data-type=\"core\/heading\"><div class=\"row justify-content-center\"><div class=\"col-12 col-md-12 col-lg-10 col-xl-8\"> \n<h3 class=\"wp-block-heading\">Registrierungsdaten<\/h3>\n<\/div><\/div><\/div>\n\n<div class=\"container \" data-type=\"core\/paragraph\"><div class=\"row justify-content-center\"><div class=\"col-12 col-md-12 col-lg-10 col-xl-8\"> \n<p><strong>Sitz des Amtsgerichtes Duisburg<\/strong><br>Handelsregister Nr.: HRB 39594<\/p>\n<\/div><\/div><\/div>\n\n<div class=\"container \" data-type=\"core\/paragraph\"><div class=\"row justify-content-center\"><div class=\"col-12 col-md-12 col-lg-10 col-xl-8\"> \n<p><strong>Umsatzsteuer-Identifikationsnummer gem\u00e4\u00df \u00a7 27a Umsatzsteuergesetz der Isologic GmbH<\/strong><br>USt-IdNr.: DE457880521<\/p>\n<\/div><\/div><\/div>\n\n<div class=\"container \" data-type=\"core\/heading\"><div class=\"row justify-content-center\"><div class=\"col-12 col-md-12 col-lg-10 col-xl-8\"> \n<h2 class=\"wp-block-heading\">Vertretung<\/h2>\n<\/div><\/div><\/div>\n\n<div class=\"container \" data-type=\"core\/heading\"><div class=\"row justify-content-center\"><div class=\"col-12 col-md-12 col-lg-10 col-xl-8\"> \n<h3 class=\"wp-block-heading\">Gesch\u00e4ftsf\u00fchrer<\/h3>\n<\/div><\/div><\/div>\n\n<div class=\"container \" data-type=\"core\/paragraph\"><div class=\"row justify-content-center\"><div class=\"col-12 col-md-12 col-lg-10 col-xl-8\"> \n<p><strong>Petrus Roelof Oude Kotte<\/strong><br>Gesch\u00e4ftsf\u00fchrer<\/p>\n<\/div><\/div><\/div>\n\n<div class=\"container \" data-type=\"core\/paragraph\"><div class=\"row justify-content-center\"><div class=\"col-12 col-md-12 col-lg-10 col-xl-8\"> \n<p>Br\u00fcsseler Stra\u00dfe 6<br>53842 Troisdorf<br>Deutschland<\/p>\n<\/div><\/div><\/div>\n\n<div class=\"container \" data-type=\"core\/paragraph\"><div class=\"row justify-content-center\"><div class=\"col-12 col-md-12 col-lg-10 col-xl-8\"> \n<p>Telefon: <a href=\"tel:+4915170643515\">+49 1517 0643 515<\/a><br>E-Mail: <a href=\"mailto:info@iso-logic.de\">info@iso-logic.de<\/a><\/p>\n<\/div><\/div><\/div>\n\n<div class=\"container \" data-type=\"core\/heading\"><div class=\"row justify-content-center\"><div class=\"col-12 col-md-12 col-lg-10 col-xl-8\"> \n<h3 class=\"wp-block-heading\">Inhaltlich Verantwortlicher<\/h3>\n<\/div><\/div><\/div>\n\n<div class=\"container \" data-type=\"core\/paragraph\"><div class=\"row justify-content-center\"><div class=\"col-12 col-md-12 col-lg-10 col-xl-8\"> \n<p><strong>Saskia Rijkaart<\/strong><br>Commercial Director (Kaufm\u00e4nnische Direktorin)<\/p>\n<\/div><\/div><\/div>\n\n<div class=\"container \" data-type=\"core\/paragraph\"><div class=\"row justify-content-center\"><div class=\"col-12 col-md-12 col-lg-10 col-xl-8\"> \n<p>Breguetlaan 3<br>1438 BA Oude Meer<br>Niederlande<\/p>\n<\/div><\/div><\/div>\n\n<div class=\"container \" data-type=\"core\/paragraph\"><div class=\"row justify-content-center\"><div class=\"col-12 col-md-12 col-lg-10 col-xl-8\"> \n<p>Telefon: <a href=\"tel:+31857922885\">+31 85 792 28 85<\/a><br>E-Mail: <a href=\"mailto:kommunikation@iso-logic.de\">kommunikation@iso-logic.de<\/a><\/p>\n<\/div><\/div><\/div>\n\n<div class=\"container \" data-type=\"core\/heading\"><div class=\"row justify-content-center\"><div class=\"col-12 col-md-12 col-lg-10 col-xl-8\"> \n<h3 class=\"wp-block-heading\">Erstellung &amp; Betreuung der Website<\/h3>\n<\/div><\/div><\/div>\n\n<div class=\"container \" data-type=\"core\/paragraph\"><div class=\"row justify-content-center\"><div class=\"col-12 col-md-12 col-lg-10 col-xl-8\"> \n<p><strong>Isologic B.V.<\/strong><\/p>\n<\/div><\/div><\/div>\n\n<div class=\"container \" data-type=\"core\/paragraph\"><div class=\"row justify-content-center\"><div class=\"col-12 col-md-12 col-lg-10 col-xl-8\"> \n<p>Breguetlaan 3<br>1438 BA Oude Meer<br>Niederlande<\/p>\n<\/div><\/div><\/div>\n\n<div class=\"container \" data-type=\"core\/paragraph\"><div class=\"row justify-content-center\"><div class=\"col-12 col-md-12 col-lg-10 col-xl-8\"> \n<p>Telefon: <a href=\"tel:+31206556264\">+31 20 655 62 64<\/a><br>E-Mail: <a href=\"mailto:kommunikation@iso-logic.de\">kommunikation@iso-logic.de<\/a><\/p>\n<\/div><\/div><\/div>\n\n<div class=\"container \" data-type=\"core\/heading\"><div class=\"row justify-content-center\"><div class=\"col-12 col-md-12 col-lg-10 col-xl-8\"> \n<h2 class=\"wp-block-heading\">Haftungsausschl\u00fcsse<\/h2>\n<\/div><\/div><\/div>\n\n<div class=\"container \" data-type=\"core\/heading\"><div class=\"row justify-content-center\"><div class=\"col-12 col-md-12 col-lg-10 col-xl-8\"> \n<h3 class=\"wp-block-heading\">Streitbeilegung &amp; Schiedsverfahren<\/h3>\n<\/div><\/div><\/div>\n\n<div class=\"container \" data-type=\"core\/paragraph\"><div class=\"row justify-content-center\"><div class=\"col-12 col-md-12 col-lg-10 col-xl-8\"> \n<p>Zur Teilnahme an einem Streitbeilegungsverfahren vor einer Verbraucherschlichtungsstelle sind wir nicht verpflichtet und nicht bereit.<\/p>\n<\/div><\/div><\/div>\n\n<div class=\"container \" data-type=\"core\/heading\"><div class=\"row justify-content-center\"><div class=\"col-12 col-md-12 col-lg-10 col-xl-8\"> \n<h3 class=\"wp-block-heading\">Haftung f\u00fcr eigene Inhalte<\/h3>\n<\/div><\/div><\/div>\n\n<div class=\"container \" data-type=\"core\/paragraph\"><div class=\"row justify-content-center\"><div class=\"col-12 col-md-12 col-lg-10 col-xl-8\"> \n<p>Die Inhalte dieser Seiten wurden mit gr\u00f6\u00dfter Sorgfalt erstellt. F\u00fcr die Richtigkeit, Vollst\u00e4ndigkeit und Aktualit\u00e4t der Inhalte k\u00f6nnen wir jedoch keine Gew\u00e4hr \u00fcbernehmen. Als Diensteanbieter sind wir f\u00fcr eigene Inhalte auf diesen Seiten nach den allgemeinen Gesetzen verantwortlich.<\/p>\n<\/div><\/div><\/div>\n\n<div class=\"container \" data-type=\"core\/heading\"><div class=\"row justify-content-center\"><div class=\"col-12 col-md-12 col-lg-10 col-xl-8\"> \n<h3 class=\"wp-block-heading\">Haftung f\u00fcr Links (Inhalte fremder Anbieter)<\/h3>\n<\/div><\/div><\/div>\n\n<div class=\"container \" data-type=\"core\/paragraph\"><div class=\"row justify-content-center\"><div class=\"col-12 col-md-12 col-lg-10 col-xl-8\"> \n<p>Von diesen eigenen Inhalten sind Querverweise (&#8222;Links&#8220;) auf die von anderen Anbietern bereitgehaltenen Inhalte zu unterscheiden. Auf deren Inhalt haben wir keinen Einfluss; f\u00fcr die Inhalte der verlinkten Seiten ist stets der jeweilige Anbieter oder Betreiber der Seiten verantwortlich.<\/p>\n<\/div><\/div><\/div>","protected":false},"excerpt":{"rendered":"<p>Nachfolgend finden Sie alle relevanten Unternehmensangaben zu unserer Organisation in Deutschland \u2013 von unseren Kontakt- und Vertretungsdaten bis hin zu Informationen zur Haftung. F\u00fcr alle Fragen k\u00f6nnen Sie sich jederzeit direkt an unser Kundenserviceteam wenden. Unternehmensangaben Name des Unternehmens Isologic GmbH Rechtsform Gesellschaft mit beschr\u00e4nkter Haftung (GmbH) Angabe \u00fcber das Kapital der Gesellschaft Stammkapital: \u20ac [&hellip;]<\/p>\n","protected":false},"author":3,"featured_media":61089,"parent":0,"menu_order":0,"comment_status":"closed","ping_status":"closed","template":"","meta":{"_acf_changed":false,"footnotes":""},"class_list":["post-61087","page","type-page","status-publish","has-post-thumbnail","hentry"],"acf":[],"yoast_head":"<!-- This site is optimized with the Yoast SEO plugin v25.2 - https:\/\/yoast.com\/wordpress\/plugins\/seo\/ -->\n<title>Impressum - Isologic<\/title>\n<meta name=\"robots\" content=\"index, follow, max-snippet:-1, max-image-preview:large, max-video-preview:-1\" \/>\n<link rel=\"canonical\" href=\"https:\/\/isotopelogistics.com\/de\/impressum\/\" \/>\n<meta property=\"og:locale\" content=\"de_DE\" \/>\n<meta property=\"og:type\" content=\"article\" \/>\n<meta property=\"og:title\" content=\"Impressum - Isologic\" \/>\n<meta property=\"og:description\" content=\"Nachfolgend finden Sie alle relevanten Unternehmensangaben zu unserer Organisation in Deutschland \u2013 von unseren Kontakt- und Vertretungsdaten bis hin zu Informationen zur Haftung. F\u00fcr alle Fragen k\u00f6nnen Sie sich jederzeit direkt an unser Kundenserviceteam wenden. Unternehmensangaben Name des Unternehmens Isologic GmbH Rechtsform Gesellschaft mit beschr\u00e4nkter Haftung (GmbH) Angabe \u00fcber das Kapital der Gesellschaft Stammkapital: \u20ac [&hellip;]\" \/>\n<meta property=\"og:url\" content=\"https:\/\/isotopelogistics.com\/de\/impressum\/\" \/>\n<meta property=\"og:site_name\" content=\"Isologic\" \/>\n<meta property=\"article:modified_time\" content=\"2026-02-23T13:11:24+00:00\" \/>\n<meta property=\"og:image\" content=\"https:\/\/isotopelogistics.com\/wp-content\/uploads\/sites\/4\/2025\/09\/BewerktLTP-1405.jpg\" \/>\n\t<meta property=\"og:image:width\" content=\"2500\" \/>\n\t<meta property=\"og:image:height\" content=\"1667\" \/>\n\t<meta property=\"og:image:type\" content=\"image\/jpeg\" \/>\n<meta name=\"twitter:card\" content=\"summary_large_image\" \/>\n<meta name=\"twitter:label1\" content=\"Gesch\u00e4tzte Lesezeit\" \/>\n\t<meta name=\"twitter:data1\" content=\"2\u00a0Minuten\" \/>\n<script type=\"application\/ld+json\" class=\"yoast-schema-graph\">{\"@context\":\"https:\/\/schema.org\",\"@graph\":[{\"@type\":\"WebPage\",\"@id\":\"https:\/\/isotopelogistics.com\/de\/impressum\/\",\"url\":\"https:\/\/isotopelogistics.com\/de\/impressum\/\",\"name\":\"Impressum - Isologic\",\"isPartOf\":{\"@id\":\"https:\/\/isotopelogistics.com\/de\/#website\"},\"primaryImageOfPage\":{\"@id\":\"https:\/\/isotopelogistics.com\/de\/impressum\/#primaryimage\"},\"image\":{\"@id\":\"https:\/\/isotopelogistics.com\/de\/impressum\/#primaryimage\"},\"thumbnailUrl\":\"https:\/\/isotopelogistics.com\/wp-content\/uploads\/sites\/4\/2025\/09\/BewerktLTP-1405.jpg\",\"datePublished\":\"2025-12-09T13:46:11+00:00\",\"dateModified\":\"2026-02-23T13:11:24+00:00\",\"breadcrumb\":{\"@id\":\"https:\/\/isotopelogistics.com\/de\/impressum\/#breadcrumb\"},\"inLanguage\":\"de\",\"potentialAction\":[{\"@type\":\"ReadAction\",\"target\":[\"https:\/\/isotopelogistics.com\/de\/impressum\/\"]}]},{\"@type\":\"ImageObject\",\"inLanguage\":\"de\",\"@id\":\"https:\/\/isotopelogistics.com\/de\/impressum\/#primaryimage\",\"url\":\"https:\/\/isotopelogistics.com\/wp-content\/uploads\/sites\/4\/2025\/09\/BewerktLTP-1405.jpg\",\"contentUrl\":\"https:\/\/isotopelogistics.com\/wp-content\/uploads\/sites\/4\/2025\/09\/BewerktLTP-1405.jpg\",\"width\":2500,\"height\":1667},{\"@type\":\"BreadcrumbList\",\"@id\":\"https:\/\/isotopelogistics.com\/de\/impressum\/#breadcrumb\",\"itemListElement\":[{\"@type\":\"ListItem\",\"position\":1,\"name\":\"Home\",\"item\":\"https:\/\/isotopelogistics.com\/de\/\"},{\"@type\":\"ListItem\",\"position\":2,\"name\":\"Impressum\"}]},{\"@type\":\"WebSite\",\"@id\":\"https:\/\/isotopelogistics.com\/de\/#website\",\"url\":\"https:\/\/isotopelogistics.com\/de\/\",\"name\":\"Isologic\",\"description\":\"\",\"publisher\":{\"@id\":\"https:\/\/isotopelogistics.com\/de\/#organization\"},\"potentialAction\":[{\"@type\":\"SearchAction\",\"target\":{\"@type\":\"EntryPoint\",\"urlTemplate\":\"https:\/\/isotopelogistics.com\/de\/?s={search_term_string}\"},\"query-input\":{\"@type\":\"PropertyValueSpecification\",\"valueRequired\":true,\"valueName\":\"search_term_string\"}}],\"inLanguage\":\"de\"},{\"@type\":\"Organization\",\"@id\":\"https:\/\/isotopelogistics.com\/de\/#organization\",\"name\":\"Isologic\",\"url\":\"https:\/\/isotopelogistics.com\/de\/\",\"logo\":{\"@type\":\"ImageObject\",\"inLanguage\":\"de\",\"@id\":\"https:\/\/isotopelogistics.com\/de\/#\/schema\/logo\/image\/\",\"url\":\"https:\/\/isotopelogistics.com\/wp-content\/uploads\/sites\/4\/2024\/02\/Logo-ISOLOGIC-zwart.png\",\"contentUrl\":\"https:\/\/isotopelogistics.com\/wp-content\/uploads\/sites\/4\/2024\/02\/Logo-ISOLOGIC-zwart.png\",\"width\":353,\"height\":177,\"caption\":\"Isologic\"},\"image\":{\"@id\":\"https:\/\/isotopelogistics.com\/de\/#\/schema\/logo\/image\/\"}}]}<\/script>\n<!-- \/ Yoast SEO plugin. -->","yoast_head_json":{"title":"Impressum - Isologic","robots":{"index":"index","follow":"follow","max-snippet":"max-snippet:-1","max-image-preview":"max-image-preview:large","max-video-preview":"max-video-preview:-1"},"canonical":"https:\/\/isotopelogistics.com\/de\/impressum\/","og_locale":"de_DE","og_type":"article","og_title":"Impressum - Isologic","og_description":"Nachfolgend finden Sie alle relevanten Unternehmensangaben zu unserer Organisation in Deutschland \u2013 von unseren Kontakt- und Vertretungsdaten bis hin zu Informationen zur Haftung. F\u00fcr alle Fragen k\u00f6nnen Sie sich jederzeit direkt an unser Kundenserviceteam wenden. Unternehmensangaben Name des Unternehmens Isologic GmbH Rechtsform Gesellschaft mit beschr\u00e4nkter Haftung (GmbH) Angabe \u00fcber das Kapital der Gesellschaft Stammkapital: \u20ac [&hellip;]","og_url":"https:\/\/isotopelogistics.com\/de\/impressum\/","og_site_name":"Isologic","article_modified_time":"2026-02-23T13:11:24+00:00","og_image":[{"width":2500,"height":1667,"url":"https:\/\/isotopelogistics.com\/wp-content\/uploads\/sites\/4\/2025\/09\/BewerktLTP-1405.jpg","type":"image\/jpeg"}],"twitter_card":"summary_large_image","twitter_misc":{"Gesch\u00e4tzte Lesezeit":"2\u00a0Minuten"},"schema":{"@context":"https:\/\/schema.org","@graph":[{"@type":"WebPage","@id":"https:\/\/isotopelogistics.com\/de\/impressum\/","url":"https:\/\/isotopelogistics.com\/de\/impressum\/","name":"Impressum - Isologic","isPartOf":{"@id":"https:\/\/isotopelogistics.com\/de\/#website"},"primaryImageOfPage":{"@id":"https:\/\/isotopelogistics.com\/de\/impressum\/#primaryimage"},"image":{"@id":"https:\/\/isotopelogistics.com\/de\/impressum\/#primaryimage"},"thumbnailUrl":"https:\/\/isotopelogistics.com\/wp-content\/uploads\/sites\/4\/2025\/09\/BewerktLTP-1405.jpg","datePublished":"2025-12-09T13:46:11+00:00","dateModified":"2026-02-23T13:11:24+00:00","breadcrumb":{"@id":"https:\/\/isotopelogistics.com\/de\/impressum\/#breadcrumb"},"inLanguage":"de","potentialAction":[{"@type":"ReadAction","target":["https:\/\/isotopelogistics.com\/de\/impressum\/"]}]},{"@type":"ImageObject","inLanguage":"de","@id":"https:\/\/isotopelogistics.com\/de\/impressum\/#primaryimage","url":"https:\/\/isotopelogistics.com\/wp-content\/uploads\/sites\/4\/2025\/09\/BewerktLTP-1405.jpg","contentUrl":"https:\/\/isotopelogistics.com\/wp-content\/uploads\/sites\/4\/2025\/09\/BewerktLTP-1405.jpg","width":2500,"height":1667},{"@type":"BreadcrumbList","@id":"https:\/\/isotopelogistics.com\/de\/impressum\/#breadcrumb","itemListElement":[{"@type":"ListItem","position":1,"name":"Home","item":"https:\/\/isotopelogistics.com\/de\/"},{"@type":"ListItem","position":2,"name":"Impressum"}]},{"@type":"WebSite","@id":"https:\/\/isotopelogistics.com\/de\/#website","url":"https:\/\/isotopelogistics.com\/de\/","name":"Isologic","description":"","publisher":{"@id":"https:\/\/isotopelogistics.com\/de\/#organization"},"potentialAction":[{"@type":"SearchAction","target":{"@type":"EntryPoint","urlTemplate":"https:\/\/isotopelogistics.com\/de\/?s={search_term_string}"},"query-input":{"@type":"PropertyValueSpecification","valueRequired":true,"valueName":"search_term_string"}}],"inLanguage":"de"},{"@type":"Organization","@id":"https:\/\/isotopelogistics.com\/de\/#organization","name":"Isologic","url":"https:\/\/isotopelogistics.com\/de\/","logo":{"@type":"ImageObject","inLanguage":"de","@id":"https:\/\/isotopelogistics.com\/de\/#\/schema\/logo\/image\/","url":"https:\/\/isotopelogistics.com\/wp-content\/uploads\/sites\/4\/2024\/02\/Logo-ISOLOGIC-zwart.png","contentUrl":"https:\/\/isotopelogistics.com\/wp-content\/uploads\/sites\/4\/2024\/02\/Logo-ISOLOGIC-zwart.png","width":353,"height":177,"caption":"Isologic"},"image":{"@id":"https:\/\/isotopelogistics.com\/de\/#\/schema\/logo\/image\/"}}]}},"_links":{"self":[{"href":"https:\/\/isotopelogistics.com\/de\/wp-json\/wp\/v2\/pages\/61087","targetHints":{"allow":["GET"]}}],"collection":[{"href":"https:\/\/isotopelogistics.com\/de\/wp-json\/wp\/v2\/pages"}],"about":[{"href":"https:\/\/isotopelogistics.com\/de\/wp-json\/wp\/v2\/types\/page"}],"author":[{"embeddable":true,"href":"https:\/\/isotopelogistics.com\/de\/wp-json\/wp\/v2\/users\/3"}],"replies":[{"embeddable":true,"href":"https:\/\/isotopelogistics.com\/de\/wp-json\/wp\/v2\/comments?post=61087"}],"version-history":[{"count":6,"href":"https:\/\/isotopelogistics.com\/de\/wp-json\/wp\/v2\/pages\/61087\/revisions"}],"predecessor-version":[{"id":61825,"href":"https:\/\/isotopelogistics.com\/de\/wp-json\/wp\/v2\/pages\/61087\/revisions\/61825"}],"wp:featuredmedia":[{"embeddable":true,"href":"https:\/\/isotopelogistics.com\/de\/wp-json\/wp\/v2\/media\/61089"}],"wp:attachment":[{"href":"https:\/\/isotopelogistics.com\/de\/wp-json\/wp\/v2\/media?parent=61087"}],"curies":[{"name":"wp","href":"https:\/\/api.w.org\/{rel}","templated":true}]}}